{"id":17206,"date":"2025-10-02T09:43:48","date_gmt":"2025-10-02T06:43:48","guid":{"rendered":"https:\/\/yuntes.com.tr\/?post_type=product&#038;p=17206"},"modified":"2025-10-07T11:13:58","modified_gmt":"2025-10-07T08:13:58","slug":"2-el-accuway-ut-200m","status":"publish","type":"product","link":"https:\/\/yuntes.com.tr\/ar\/product\/2-el-accuway-ut-200m\/","title":{"rendered":"2. EL ACCUWAY UT-200M"},"content":{"rendered":"<p data-start=\"103\" data-end=\"267\">Avantajl\u0131 fiyat\u0131yla showroomumuzda sizleri bekliyor. Detaylar\u0131 yerinde incelemek ve f\u0131rsat\u0131 ka\u00e7\u0131rmamak i\u00e7in Yuntes\u2019e davetlisiniz.<\/p>","protected":false},"excerpt":{"rendered":"<p>Avantajl\u0131 fiyat\u0131yla showroomumuzda sizleri bekliyor. Detaylar\u0131 yerinde incelemek ve f\u0131rsat\u0131 ka\u00e7\u0131rmamak i\u00e7in Yuntes\u2019e davetlisiniz.<\/p>","protected":false},"featured_media":17207,"comment_status":"closed","ping_status":"closed","template":"","meta":[],"product_brand":[],"product_cat":[154,162],"product_tag":[],"class_list":{"0":"post-17206","1":"product","2":"type-product","3":"status-publish","4":"has-post-thumbnail","6":"product_cat-2-el-cnc-makineler","7":"product_cat-2-el-urunler","9":"first","10":"instock","11":"featured","12":"shipping-taxable","13":"product-type-simple"},"ct_brands":[],"_links":{"self":[{"href":"https:\/\/yuntes.com.tr\/ar\/wp-json\/wp\/v2\/product\/17206","targetHints":{"allow":["GET"]}}],"collection":[{"href":"https:\/\/yuntes.com.tr\/ar\/wp-json\/wp\/v2\/product"}],"about":[{"href":"https:\/\/yuntes.com.tr\/ar\/wp-json\/wp\/v2\/types\/product"}],"replies":[{"embeddable":true,"href":"https:\/\/yuntes.com.tr\/ar\/wp-json\/wp\/v2\/comments?post=17206"}],"version-history":[{"count":0,"href":"https:\/\/yuntes.com.tr\/ar\/wp-json\/wp\/v2\/product\/17206\/revisions"}],"wp:featuredmedia":[{"embeddable":true,"href":"https:\/\/yuntes.com.tr\/ar\/wp-json\/wp\/v2\/media\/17207"}],"wp:attachment":[{"href":"https:\/\/yuntes.com.tr\/ar\/wp-json\/wp\/v2\/media?parent=17206"}],"wp:term":[{"taxonomy":"product_brand","embeddable":true,"href":"https:\/\/yuntes.com.tr\/ar\/wp-json\/wp\/v2\/product_brand?post=17206"},{"taxonomy":"product_cat","embeddable":true,"href":"https:\/\/yuntes.com.tr\/ar\/wp-json\/wp\/v2\/product_cat?post=17206"},{"taxonomy":"product_tag","embeddable":true,"href":"https:\/\/yuntes.com.tr\/ar\/wp-json\/wp\/v2\/product_tag?post=17206"}],"curies":[{"name":"wp","href":"https:\/\/api.w.org\/{rel}","templated":true}]}}