{"id":11727,"date":"2025-08-08T09:00:31","date_gmt":"2025-08-08T09:00:31","guid":{"rendered":"https:\/\/yun.defnemedia.com\/?post_type=product&#038;p=11727"},"modified":"2025-10-07T11:15:48","modified_gmt":"2025-10-07T08:15:48","slug":"sunmill-jhv-550-fanuc-kontrollu-cnc-dik-isleme","status":"publish","type":"product","link":"https:\/\/yuntes.com.tr\/ar\/product\/sunmill-jhv-550-fanuc-kontrollu-cnc-dik-isleme\/","title":{"rendered":"SUNMILL JHV-550 Fanuc Kontroll\u00fc CNC Dik \u0130\u015fleme"},"content":{"rendered":"<div data-elementor-type=\"wp-post\" data-elementor-id=\"11727\" class=\"elementor elementor-11727\" data-elementor-post-type=\"product\">\n\t\t\t\t<div class=\"elementor-element elementor-element-52b2d53 e-flex e-con-boxed e-con e-parent\" data-id=\"52b2d53\" data-element_type=\"container\">\n\t\t\t\t\t<div class=\"e-con-inner\">\n\t\t\t\t\t<\/div>\n\t\t\t\t<\/div>\n\t\t<div class=\"elementor-element elementor-element-8c3c2c7 e-flex e-con-boxed e-con e-parent\" data-id=\"8c3c2c7\" data-element_type=\"container\">\n\t\t\t\t\t<div class=\"e-con-inner\">\n\t\t<div class=\"elementor-element elementor-element-d0a7da0 e-con-full e-flex e-con e-child\" data-id=\"d0a7da0\" data-element_type=\"container\">\n\t\t\t\t<\/div>\n\t\t<div class=\"elementor-element elementor-element-7fdcc65 e-con-full e-flex e-con e-child\" data-id=\"7fdcc65\" data-element_type=\"container\">\n\t\t\t\t<\/div>\n\t\t\t\t\t<\/div>\n\t\t\t\t<\/div>\n\t\t<div class=\"elementor-element elementor-element-0406615 e-flex e-con-boxed e-con e-parent\" data-id=\"0406615\" data-element_type=\"container\" data-settings=\"{&quot;background_background&quot;:&quot;classic&quot;}\">\n\t\t\t\t\t<div class=\"e-con-inner\">\n\t\t<div class=\"elementor-element elementor-element-9ec2134 e-con-full e-flex e-con e-child\" data-id=\"9ec2134\" data-element_type=\"container\">\n\t\t\t\t<\/div>\n\t\t\t\t\t<\/div>\n\t\t\t\t<\/div>\n\t\t<div class=\"elementor-element elementor-element-22367a7 e-flex e-con-boxed e-con e-parent\" data-id=\"22367a7\" data-element_type=\"container\">\n\t\t\t\t\t<div class=\"e-con-inner\">\n\t\t<div class=\"elementor-element elementor-element-0b29d0c e-con-full e-flex e-con e-child\" data-id=\"0b29d0c\" data-element_type=\"container\">\n\t\t<div class=\"elementor-element elementor-element-e6e4b9c e-con-full e-flex e-con e-child\" data-id=\"e6e4b9c\" data-element_type=\"container\">\n\t\t\t\t<\/div>\n\t\t<div class=\"elementor-element elementor-element-de10621 e-con-full e-flex e-con e-child\" data-id=\"de10621\" data-element_type=\"container\">\n\t\t\t\t<\/div>\n\t\t<div class=\"elementor-element elementor-element-dc6a439 e-con-full e-flex e-con e-child\" data-id=\"dc6a439\" data-element_type=\"container\">\n\t\t\t\t<\/div>\n\t\t<div class=\"elementor-element elementor-element-df01612 e-con-full e-flex e-con e-child\" data-id=\"df01612\" data-element_type=\"container\">\n\t\t\t\t<\/div>\n\t\t\t\t<\/div>\n\t\t\t\t\t<\/div>\n\t\t\t\t<\/div>\n\t\t\t\t<\/div>","protected":false},"excerpt":{"rendered":"<p>SUNMILL JHV-550 Fanuc Kontroll\u00fc <strong data-start=\"32\" data-end=\"58\">CNC dik i\u015fleme merkezi<\/strong>, y\u00fcksek hassasiyetli i\u015fleme kabiliyeti ve sa\u011flam g\u00f6vde yap\u0131s\u0131yla end\u00fcstriyel \u00fcretimde g\u00fcvenilir bir \u00e7\u00f6z\u00fcm sunar. Dayan\u0131kl\u0131 tasar\u0131m\u0131 sayesinde uzun \u00f6m\u00fcrl\u00fc kullan\u0131m imk\u00e2n\u0131 sa\u011flayan bu makine, otomotiv, savunma sanayi ve a\u011f\u0131r sanayi gibi zorlu sekt\u00f6rlerde maksimum verimlilikle \u00e7al\u0131\u015f\u0131r. Fanuc kontroll\u00fc sistemi, hassas ve karma\u015f\u0131k i\u015fleme g\u00f6revlerinde \u00fcst\u00fcn do\u011fruluk sa\u011flar ve \u00fcretim s\u00fcre\u00e7lerinizde kesintisiz performans sunar. CNC dik i\u015fleme merkezi, modern \u00fcretim hatlar\u0131na kolay entegre olabilen yap\u0131s\u0131yla kullan\u0131c\u0131ya g\u00fcven verirken, i\u015fletmelerin \u00fcretim kapasitesini ve kalite standartlar\u0131n\u0131 y\u00fckseltir. SUNMILL JHV-550, dayan\u0131kl\u0131l\u0131\u011f\u0131, hassas i\u015fleme yetenekleri ve verimlili\u011fi ile end\u00fcstriyel \u00fcretimde rekabet avantaj\u0131 sa\u011flayan, profesyonel bir yat\u0131r\u0131m \u00e7\u00f6z\u00fcm\u00fcd\u00fcr.<\/p>","protected":false},"featured_media":15007,"comment_status":"open","ping_status":"closed","template":"","meta":[],"product_brand":[220],"product_cat":[154,162,172,178],"product_tag":[],"class_list":{"0":"post-11727","1":"product","2":"type-product","3":"status-publish","4":"has-post-thumbnail","6":"product_brand-sunmill","7":"product_cat-2-el-cnc-makineler","8":"product_cat-2-el-urunler","9":"product_cat-cnc-isleme-merkezi","10":"product_cat-cnc-makineleri","11":"pa_is-mili-devri-rpm-97","12":"pa_isleme-ekseni-3-eksen","13":"pa_isleme-turu-dik","14":"pa_kontrol-unitesi-fanuc","15":"pa_makine-turu-cnc-isleme-merkezi","16":"pa_otomasyon-destegi-var","17":"pa_sogutma-tipi-yag","18":"pa_tabla-olcusu-mm-650x410","19":"pa_takim-degistirici-linear","20":"pa_uretim-mensei-tayvan","22":"first","23":"instock","24":"shipping-taxable","25":"product-type-simple"},"ct_brands":[{"id":220,"name":"SUNMILL","slug":"sunmill"}],"_links":{"self":[{"href":"https:\/\/yuntes.com.tr\/ar\/wp-json\/wp\/v2\/product\/11727","targetHints":{"allow":["GET"]}}],"collection":[{"href":"https:\/\/yuntes.com.tr\/ar\/wp-json\/wp\/v2\/product"}],"about":[{"href":"https:\/\/yuntes.com.tr\/ar\/wp-json\/wp\/v2\/types\/product"}],"replies":[{"embeddable":true,"href":"https:\/\/yuntes.com.tr\/ar\/wp-json\/wp\/v2\/comments?post=11727"}],"version-history":[{"count":1,"href":"https:\/\/yuntes.com.tr\/ar\/wp-json\/wp\/v2\/product\/11727\/revisions"}],"predecessor-version":[{"id":15822,"href":"https:\/\/yuntes.com.tr\/ar\/wp-json\/wp\/v2\/product\/11727\/revisions\/15822"}],"wp:featuredmedia":[{"embeddable":true,"href":"https:\/\/yuntes.com.tr\/ar\/wp-json\/wp\/v2\/media\/15007"}],"wp:attachment":[{"href":"https:\/\/yuntes.com.tr\/ar\/wp-json\/wp\/v2\/media?parent=11727"}],"wp:term":[{"taxonomy":"product_brand","embeddable":true,"href":"https:\/\/yuntes.com.tr\/ar\/wp-json\/wp\/v2\/product_brand?post=11727"},{"taxonomy":"product_cat","embeddable":true,"href":"https:\/\/yuntes.com.tr\/ar\/wp-json\/wp\/v2\/product_cat?post=11727"},{"taxonomy":"product_tag","embeddable":true,"href":"https:\/\/yuntes.com.tr\/ar\/wp-json\/wp\/v2\/product_tag?post=11727"}],"curies":[{"name":"wp","href":"https:\/\/api.w.org\/{rel}","templated":true}]}}