{"id":11721,"date":"2025-08-08T08:56:07","date_gmt":"2025-08-08T08:56:07","guid":{"rendered":"https:\/\/yun.defnemedia.com\/?post_type=product&#038;p=11721"},"modified":"2025-08-26T10:21:36","modified_gmt":"2025-08-26T07:21:36","slug":"sunmill-jhv-1500-cnc-dik-isleme-merkezi-ctssiz","status":"publish","type":"product","link":"https:\/\/yuntes.com.tr\/ar\/product\/sunmill-jhv-1500-cnc-dik-isleme-merkezi-ctssiz\/","title":{"rendered":"SUNMILL JHV-1500 CNC Dik \u0130\u015fleme Merkezi (CTS&#8217;siz)"},"content":{"rendered":"<div data-elementor-type=\"wp-post\" data-elementor-id=\"11721\" class=\"elementor elementor-11721\" data-elementor-post-type=\"product\">\n\t\t\t\t<div class=\"elementor-element elementor-element-52b2d53 e-flex e-con-boxed e-con e-parent\" data-id=\"52b2d53\" data-element_type=\"container\">\n\t\t\t\t\t<div class=\"e-con-inner\">\n\t\t\t\t\t<\/div>\n\t\t\t\t<\/div>\n\t\t<div class=\"elementor-element elementor-element-8c3c2c7 e-flex e-con-boxed e-con e-parent\" data-id=\"8c3c2c7\" data-element_type=\"container\">\n\t\t\t\t\t<div class=\"e-con-inner\">\n\t\t<div class=\"elementor-element elementor-element-d0a7da0 e-con-full e-flex e-con e-child\" data-id=\"d0a7da0\" data-element_type=\"container\">\n\t\t\t\t<\/div>\n\t\t<div class=\"elementor-element elementor-element-7fdcc65 e-con-full e-flex e-con e-child\" data-id=\"7fdcc65\" data-element_type=\"container\">\n\t\t\t\t<\/div>\n\t\t\t\t\t<\/div>\n\t\t\t\t<\/div>\n\t\t<div class=\"elementor-element elementor-element-0406615 e-flex e-con-boxed e-con e-parent\" data-id=\"0406615\" data-element_type=\"container\" data-settings=\"{&quot;background_background&quot;:&quot;classic&quot;}\">\n\t\t\t\t\t<div class=\"e-con-inner\">\n\t\t<div class=\"elementor-element elementor-element-9ec2134 e-con-full e-flex e-con e-child\" data-id=\"9ec2134\" data-element_type=\"container\">\n\t\t\t\t<\/div>\n\t\t\t\t\t<\/div>\n\t\t\t\t<\/div>\n\t\t<div class=\"elementor-element elementor-element-22367a7 e-flex e-con-boxed e-con e-parent\" data-id=\"22367a7\" data-element_type=\"container\">\n\t\t\t\t\t<div class=\"e-con-inner\">\n\t\t<div class=\"elementor-element elementor-element-0b29d0c e-con-full e-flex e-con e-child\" data-id=\"0b29d0c\" data-element_type=\"container\">\n\t\t<div class=\"elementor-element elementor-element-e6e4b9c e-con-full e-flex e-con e-child\" data-id=\"e6e4b9c\" data-element_type=\"container\">\n\t\t\t\t<\/div>\n\t\t<div class=\"elementor-element elementor-element-de10621 e-con-full e-flex e-con e-child\" data-id=\"de10621\" data-element_type=\"container\">\n\t\t\t\t<\/div>\n\t\t<div class=\"elementor-element elementor-element-dc6a439 e-con-full e-flex e-con e-child\" data-id=\"dc6a439\" data-element_type=\"container\">\n\t\t\t\t<\/div>\n\t\t<div class=\"elementor-element elementor-element-df01612 e-con-full e-flex e-con e-child\" data-id=\"df01612\" data-element_type=\"container\">\n\t\t\t\t<\/div>\n\t\t\t\t<\/div>\n\t\t\t\t\t<\/div>\n\t\t\t\t<\/div>\n\t\t\t\t<\/div>","protected":false},"excerpt":{"rendered":"<p>SUNMILL JHV-1500 CNC Dik \u0130\u015fleme Merkezi (CTS\u2019siz), y\u00fcksek hassasiyetli i\u015fleme ihtiya\u00e7lar\u0131 i\u00e7in geli\u015ftirilmi\u015f g\u00fc\u00e7l\u00fc ve g\u00fcvenilir bir \u00e7\u00f6z\u00fcmd\u00fcr. Sa\u011flam g\u00f6vde yap\u0131s\u0131 sayesinde titre\u015fimi minimuma indirerek uzun \u00f6m\u00fcrl\u00fc kullan\u0131m imk\u00e2n\u0131 sunar. End\u00fcstriyel \u00fcretim s\u00fcre\u00e7lerinde maksimum verimlilik sa\u011flayan bu makine, otomotiv, savunma sanayi ve a\u011f\u0131r sanayi gibi y\u00fcksek standart gerektiren sekt\u00f6rlerde ba\u015far\u0131yla kullan\u0131lmaktad\u0131r. CNC Dik \u0130\u015fleme Merkezi\u2019nin sundu\u011fu \u00fcst\u00fcn hassasiyet, karma\u015f\u0131k par\u00e7alar\u0131n dahi kusursuz i\u015flenmesine olanak tan\u0131r. G\u00fcvenilirli\u011fi ve performans\u0131yla \u00fcretim hatlar\u0131n\u0131n verimlili\u011fini art\u0131r\u0131rken, i\u015fletmelere maliyet avantaj\u0131 da sa\u011flar. Y\u00fcksek hassasiyetli i\u015fleme kabiliyeti, sa\u011flam konstr\u00fcksiyonu ve kesintisiz \u00fcretim g\u00fcc\u00fcyle SUNMILL JHV-1500, end\u00fcstriyel \u00fcretimde kaliteyi bir \u00fcst seviyeye ta\u015f\u0131mak isteyen firmalar i\u00e7in ideal bir tercihtir.<\/p>","protected":false},"featured_media":15816,"comment_status":"open","ping_status":"closed","template":"","meta":[],"product_brand":[220],"product_cat":[172,178],"product_tag":[],"class_list":{"0":"post-11721","1":"product","2":"type-product","3":"status-publish","4":"has-post-thumbnail","6":"product_brand-sunmill","7":"product_cat-cnc-isleme-merkezi","8":"product_cat-cnc-makineleri","9":"pa_is-mili-devri-rpm-97","10":"pa_isleme-ekseni-3-eksen","11":"pa_isleme-turu-dik","12":"pa_kontrol-unitesi-mitsubishi","13":"pa_makine-turu-cnc-isleme-merkezi","14":"pa_otomasyon-destegi-var","15":"pa_sogutma-tipi-yag","16":"pa_tabla-olcusu-mm-1550x750","17":"pa_takim-degistirici-linear","18":"pa_uretim-mensei-tayvan","20":"first","21":"instock","22":"shipping-taxable","23":"product-type-simple"},"ct_brands":[{"id":220,"name":"SUNMILL","slug":"sunmill"}],"_links":{"self":[{"href":"https:\/\/yuntes.com.tr\/ar\/wp-json\/wp\/v2\/product\/11721","targetHints":{"allow":["GET"]}}],"collection":[{"href":"https:\/\/yuntes.com.tr\/ar\/wp-json\/wp\/v2\/product"}],"about":[{"href":"https:\/\/yuntes.com.tr\/ar\/wp-json\/wp\/v2\/types\/product"}],"replies":[{"embeddable":true,"href":"https:\/\/yuntes.com.tr\/ar\/wp-json\/wp\/v2\/comments?post=11721"}],"version-history":[{"count":1,"href":"https:\/\/yuntes.com.tr\/ar\/wp-json\/wp\/v2\/product\/11721\/revisions"}],"predecessor-version":[{"id":15818,"href":"https:\/\/yuntes.com.tr\/ar\/wp-json\/wp\/v2\/product\/11721\/revisions\/15818"}],"wp:featuredmedia":[{"embeddable":true,"href":"https:\/\/yuntes.com.tr\/ar\/wp-json\/wp\/v2\/media\/15816"}],"wp:attachment":[{"href":"https:\/\/yuntes.com.tr\/ar\/wp-json\/wp\/v2\/media?parent=11721"}],"wp:term":[{"taxonomy":"product_brand","embeddable":true,"href":"https:\/\/yuntes.com.tr\/ar\/wp-json\/wp\/v2\/product_brand?post=11721"},{"taxonomy":"product_cat","embeddable":true,"href":"https:\/\/yuntes.com.tr\/ar\/wp-json\/wp\/v2\/product_cat?post=11721"},{"taxonomy":"product_tag","embeddable":true,"href":"https:\/\/yuntes.com.tr\/ar\/wp-json\/wp\/v2\/product_tag?post=11721"}],"curies":[{"name":"wp","href":"https:\/\/api.w.org\/{rel}","templated":true}]}}