{"id":11604,"date":"2025-08-07T13:14:53","date_gmt":"2025-08-07T13:14:53","guid":{"rendered":"https:\/\/yun.defnemedia.com\/?post_type=product&#038;p=11604"},"modified":"2025-08-22T13:44:48","modified_gmt":"2025-08-22T10:44:48","slug":"accuway-ut-360lx2-cnc-yatay-torna-tezgahi","status":"publish","type":"product","link":"https:\/\/yuntes.com.tr\/ar\/product\/accuway-ut-360lx2-cnc-yatay-torna-tezgahi\/","title":{"rendered":"ACCUWAY UT-360LX2 CNC Yatay Torna Tezgah\u0131"},"content":{"rendered":"<div data-elementor-type=\"wp-post\" data-elementor-id=\"11604\" class=\"elementor elementor-11604\" data-elementor-post-type=\"product\">\n\t\t\t\t<div class=\"elementor-element elementor-element-52b2d53 e-flex e-con-boxed e-con e-parent\" data-id=\"52b2d53\" data-element_type=\"container\">\n\t\t\t\t\t<div class=\"e-con-inner\">\n\t\t\t\t\t<\/div>\n\t\t\t\t<\/div>\n\t\t<div class=\"elementor-element elementor-element-8c3c2c7 e-flex e-con-boxed e-con e-parent\" data-id=\"8c3c2c7\" data-element_type=\"container\">\n\t\t\t\t\t<div class=\"e-con-inner\">\n\t\t<div class=\"elementor-element elementor-element-d0a7da0 e-con-full e-flex e-con e-child\" data-id=\"d0a7da0\" data-element_type=\"container\">\n\t\t\t\t<\/div>\n\t\t<div class=\"elementor-element elementor-element-7fdcc65 e-con-full e-flex e-con e-child\" data-id=\"7fdcc65\" data-element_type=\"container\">\n\t\t\t\t<\/div>\n\t\t\t\t\t<\/div>\n\t\t\t\t<\/div>\n\t\t<div class=\"elementor-element elementor-element-0406615 e-flex e-con-boxed e-con e-parent\" data-id=\"0406615\" data-element_type=\"container\" data-settings=\"{&quot;background_background&quot;:&quot;classic&quot;}\">\n\t\t\t\t\t<div class=\"e-con-inner\">\n\t\t<div class=\"elementor-element elementor-element-9ec2134 e-con-full e-flex e-con e-child\" data-id=\"9ec2134\" data-element_type=\"container\">\n\t\t\t\t<\/div>\n\t\t\t\t\t<\/div>\n\t\t\t\t<\/div>\n\t\t<div class=\"elementor-element elementor-element-22367a7 e-flex e-con-boxed e-con e-parent\" data-id=\"22367a7\" data-element_type=\"container\">\n\t\t\t\t\t<div class=\"e-con-inner\">\n\t\t<div class=\"elementor-element elementor-element-0b29d0c e-con-full e-flex e-con e-child\" data-id=\"0b29d0c\" data-element_type=\"container\">\n\t\t<div class=\"elementor-element elementor-element-e6e4b9c e-con-full e-flex e-con e-child\" data-id=\"e6e4b9c\" data-element_type=\"container\">\n\t\t\t\t<\/div>\n\t\t<div class=\"elementor-element elementor-element-de10621 e-con-full e-flex e-con e-child\" data-id=\"de10621\" data-element_type=\"container\">\n\t\t\t\t<\/div>\n\t\t<div class=\"elementor-element elementor-element-dc6a439 e-con-full e-flex e-con e-child\" data-id=\"dc6a439\" data-element_type=\"container\">\n\t\t\t\t<\/div>\n\t\t<div class=\"elementor-element elementor-element-df01612 e-con-full e-flex e-con e-child\" data-id=\"df01612\" data-element_type=\"container\">\n\t\t\t\t<\/div>\n\t\t\t\t<\/div>\n\t\t\t\t\t<\/div>\n\t\t\t\t<\/div>\n\t\t\t\t<\/div>","protected":false},"excerpt":{"rendered":"<article class=\"text-token-text-primary w-full focus:outline-none scroll-mt-[calc(var(--header-height)+min(200px,max(70px,20svh)))]\" dir=\"auto\" data-turn-id=\"request-WEB:c9bf8880-ebee-40c2-a068-4c00b90cce5a-9\" data-testid=\"conversation-turn-20\" data-scroll-anchor=\"true\" data-turn=\"assistant\">\n<div class=\"text-base my-auto mx-auto pb-10 [--thread-content-margin:--spacing(4)] @[37rem]:[--thread-content-margin:--spacing(6)] @[72rem]:[--thread-content-margin:--spacing(16)] px-(--thread-content-margin)\">\n<div class=\"[--thread-content-max-width:32rem] @[34rem]:[--thread-content-max-width:40rem] @[64rem]:[--thread-content-max-width:48rem] mx-auto max-w-(--thread-content-max-width) flex-1 group\/turn-messages focus-visible:outline-hidden relative flex w-full min-w-0 flex-col agent-turn\">\n<div class=\"flex max-w-full flex-col grow\">\n<div class=\"min-h-8 text-message relative flex w-full flex-col items-end gap-2 text-start break-words whitespace-normal [.text-message+&amp;]:mt-5\" dir=\"auto\" data-message-author-role=\"assistant\" data-message-id=\"af394a3d-70c5-4375-8f22-94ce95856ea6\" data-message-model-slug=\"gpt-5\">\n<div class=\"flex w-full flex-col gap-1 empty:hidden first:pt-[3px]\">\n<div class=\"markdown prose dark:prose-invert w-full break-words dark markdown-new-styling\">\n<p data-start=\"0\" data-end=\"936\" data-is-last-node=\"\" data-is-only-node=\"\">ACCUWAY UT-360LX2 <strong data-start=\"18\" data-end=\"45\">CNC yatay torna tezgah\u0131<\/strong>, g\u00fc\u00e7l\u00fc g\u00f6vde yap\u0131s\u0131 ve ileri m\u00fchendislik tasar\u0131m\u0131yla y\u00fcksek performans ve uzun \u00f6m\u00fcrl\u00fc kullan\u0131m sunar. <strong data-start=\"148\" data-end=\"178\">Y\u00fcksek hassasiyetli i\u015fleme<\/strong> kabiliyeti sayesinde otomotiv, savunma sanayi ve a\u011f\u0131r sanayi gibi zorlu sekt\u00f6rlerde en ince detaylarda bile g\u00fcvenilir sonu\u00e7lar \u00fcretir. Sa\u011flam yap\u0131s\u0131 ve verimlili\u011fi art\u0131ran \u00f6zellikleri, \u00fcretim s\u00fcre\u00e7lerinde istikrar ve kalite sa\u011flar. Hem seri \u00fcretimde hem de \u00f6zel par\u00e7a imalat\u0131nda y\u00fcksek hassasiyet sunarak i\u015fletmelerin \u00fcretim kapasitesini g\u00fc\u00e7lendirir. Profesyonel \u00fcretim hatlar\u0131n\u0131n beklentilerini kar\u015f\u0131lamak \u00fczere geli\u015ftirilen UT-360LX2, kullan\u0131c\u0131ya g\u00fcven veren performans\u0131 ve dayan\u0131kl\u0131l\u0131\u011f\u0131yla \u00f6ne \u00e7\u0131kar. <strong data-start=\"683\" data-end=\"705\">End\u00fcstriyel \u00fcretim<\/strong> i\u00e7in uzun vadeli yat\u0131r\u0131m de\u011feri ta\u015f\u0131yan bu model, i\u015fletmelere rekabet avantaj\u0131 kazand\u0131ran modern bir CNC \u00e7\u00f6z\u00fcm\u00fcd\u00fcr. ACCUWAY UT-360LX2, g\u00fcvenilirlik, hassasiyet ve verimlili\u011fi tek bir makinede bulu\u015fturan g\u00fc\u00e7l\u00fc bir \u00fcretim orta\u011f\u0131d\u0131r.<\/p>\n<\/div>\n<\/div>\n<\/div>\n<\/div>\n<\/div>\n<\/div>\n<\/article>","protected":false},"featured_media":14952,"comment_status":"open","ping_status":"closed","template":"","meta":[],"product_brand":[166],"product_cat":[178,180],"product_tag":[],"class_list":{"0":"post-11604","1":"product","2":"type-product","3":"status-publish","4":"has-post-thumbnail","6":"product_brand-accuway","7":"product_cat-cnc-makineleri","8":"product_cat-cnc-torna","9":"pa_is-mili-devri-rpm-87","10":"pa_isleme-ekseni-2-eksen","11":"pa_isleme-turu-yatay","12":"pa_kontrol-unitesi-fanuc","13":"pa_makine-turu-cnc-yatay-torna","14":"pa_otomasyon-destegi-var","15":"pa_sogutma-tipi-yag","16":"pa_tabla-olcusu-mm-750x600","17":"pa_takim-degistirici-carousel-doner","18":"pa_uretim-mensei-tayvan","20":"first","21":"instock","22":"shipping-taxable","23":"product-type-simple"},"ct_brands":[{"id":166,"name":"ACCUWAY","slug":"accuway"}],"_links":{"self":[{"href":"https:\/\/yuntes.com.tr\/ar\/wp-json\/wp\/v2\/product\/11604","targetHints":{"allow":["GET"]}}],"collection":[{"href":"https:\/\/yuntes.com.tr\/ar\/wp-json\/wp\/v2\/product"}],"about":[{"href":"https:\/\/yuntes.com.tr\/ar\/wp-json\/wp\/v2\/types\/product"}],"replies":[{"embeddable":true,"href":"https:\/\/yuntes.com.tr\/ar\/wp-json\/wp\/v2\/comments?post=11604"}],"version-history":[{"count":0,"href":"https:\/\/yuntes.com.tr\/ar\/wp-json\/wp\/v2\/product\/11604\/revisions"}],"wp:featuredmedia":[{"embeddable":true,"href":"https:\/\/yuntes.com.tr\/ar\/wp-json\/wp\/v2\/media\/14952"}],"wp:attachment":[{"href":"https:\/\/yuntes.com.tr\/ar\/wp-json\/wp\/v2\/media?parent=11604"}],"wp:term":[{"taxonomy":"product_brand","embeddable":true,"href":"https:\/\/yuntes.com.tr\/ar\/wp-json\/wp\/v2\/product_brand?post=11604"},{"taxonomy":"product_cat","embeddable":true,"href":"https:\/\/yuntes.com.tr\/ar\/wp-json\/wp\/v2\/product_cat?post=11604"},{"taxonomy":"product_tag","embeddable":true,"href":"https:\/\/yuntes.com.tr\/ar\/wp-json\/wp\/v2\/product_tag?post=11604"}],"curies":[{"name":"wp","href":"https:\/\/api.w.org\/{rel}","templated":true}]}}