{"id":11313,"date":"2025-08-06T13:09:44","date_gmt":"2025-08-06T13:09:44","guid":{"rendered":"https:\/\/yun.defnemedia.com\/?post_type=product&#038;p=11313"},"modified":"2025-11-12T11:09:24","modified_gmt":"2025-11-12T08:09:24","slug":"accuway-jt-200-fanuc-kontrollu-cnc-yatay-torna","status":"publish","type":"product","link":"https:\/\/yuntes.com.tr\/ar\/product\/accuway-jt-200-fanuc-kontrollu-cnc-yatay-torna\/","title":{"rendered":"ACCUWAY JT-200 Fanuc Kontroll\u00fc CNC Yatay Torna"},"content":{"rendered":"<div data-elementor-type=\"wp-post\" data-elementor-id=\"11313\" class=\"elementor elementor-11313\" data-elementor-post-type=\"product\">\n\t\t\t\t<div class=\"elementor-element elementor-element-52b2d53 e-flex e-con-boxed e-con e-parent\" data-id=\"52b2d53\" data-element_type=\"container\">\n\t\t\t\t\t<div class=\"e-con-inner\">\n\t\t\t\t\t<\/div>\n\t\t\t\t<\/div>\n\t\t<div class=\"elementor-element elementor-element-8c3c2c7 e-flex e-con-boxed e-con e-parent\" data-id=\"8c3c2c7\" data-element_type=\"container\">\n\t\t\t\t\t<div class=\"e-con-inner\">\n\t\t<div class=\"elementor-element elementor-element-d0a7da0 e-con-full e-flex e-con e-child\" data-id=\"d0a7da0\" data-element_type=\"container\">\n\t\t\t\t<\/div>\n\t\t<div class=\"elementor-element elementor-element-7fdcc65 e-con-full e-flex e-con e-child\" data-id=\"7fdcc65\" data-element_type=\"container\">\n\t\t\t\t<\/div>\n\t\t\t\t\t<\/div>\n\t\t\t\t<\/div>\n\t\t<div class=\"elementor-element elementor-element-0406615 e-flex e-con-boxed e-con e-parent\" data-id=\"0406615\" data-element_type=\"container\" data-settings=\"{&quot;background_background&quot;:&quot;classic&quot;}\">\n\t\t\t\t\t<div class=\"e-con-inner\">\n\t\t<div class=\"elementor-element elementor-element-9ec2134 e-con-full e-flex e-con e-child\" data-id=\"9ec2134\" data-element_type=\"container\">\n\t\t\t\t<\/div>\n\t\t\t\t\t<\/div>\n\t\t\t\t<\/div>\n\t\t<div class=\"elementor-element elementor-element-22367a7 e-flex e-con-boxed e-con e-parent\" data-id=\"22367a7\" data-element_type=\"container\">\n\t\t\t\t\t<div class=\"e-con-inner\">\n\t\t<div class=\"elementor-element elementor-element-0b29d0c e-con-full e-flex e-con e-child\" data-id=\"0b29d0c\" data-element_type=\"container\">\n\t\t<div class=\"elementor-element elementor-element-e6e4b9c e-con-full e-flex e-con e-child\" data-id=\"e6e4b9c\" data-element_type=\"container\">\n\t\t\t\t<\/div>\n\t\t<div class=\"elementor-element elementor-element-de10621 e-con-full e-flex e-con e-child\" data-id=\"de10621\" data-element_type=\"container\">\n\t\t\t\t<\/div>\n\t\t<div class=\"elementor-element elementor-element-dc6a439 e-con-full e-flex e-con e-child\" data-id=\"dc6a439\" data-element_type=\"container\">\n\t\t\t\t<\/div>\n\t\t<div class=\"elementor-element elementor-element-df01612 e-con-full e-flex e-con e-child\" data-id=\"df01612\" data-element_type=\"container\">\n\t\t\t\t<\/div>\n\t\t\t\t<\/div>\n\t\t\t\t\t<\/div>\n\t\t\t\t<\/div>\n\t\t\t\t<\/div>","protected":false},"excerpt":{"rendered":"<p><strong>ACCUWAY JT-200 Fanuc Kontroll\u00fc<\/strong> <strong data-start=\"31\" data-end=\"50\">CNC yatay torna<\/strong>, modern \u00fcretim s\u00fcre\u00e7lerinde maksimum verimlilik ve g\u00fcvenilirlik i\u00e7in tasarlanm\u0131\u015ft\u0131r. Sa\u011flam g\u00f6vde yap\u0131s\u0131 ve geli\u015fmi\u015f kontrol sistemi sayesinde uzun \u00f6m\u00fcrl\u00fc kullan\u0131m sunarken, y\u00fcksek hassasiyetli i\u015fleme kabiliyetiyle otomotiv, savunma sanayi ve a\u011f\u0131r sanayi gibi zorlu sekt\u00f6rlerin ihtiya\u00e7lar\u0131n\u0131 kar\u015f\u0131lar. \u00dcretimde stabilite, h\u0131z ve kaliteyi bir araya getiren JT-200, kullan\u0131c\u0131ya g\u00fcven veren performans\u0131yla end\u00fcstriyel \u00fcretim s\u00fcre\u00e7lerinde fark yarat\u0131r. Hem seri \u00fcretim hem de \u00f6zel par\u00e7alar\u0131n i\u015flenmesinde y\u00fcksek verimlili\u011fiyle \u00f6ne \u00e7\u0131kan bu model, g\u00fc\u00e7l\u00fc yap\u0131s\u0131 ve hassas kontrol mekanizmas\u0131yla i\u015fletmelerin rekabet g\u00fcc\u00fcn\u00fc art\u0131r\u0131r. <strong>ACCUWAY JT-200<\/strong>, g\u00fcvenilirli\u011fi ve \u00fcst\u00fcn i\u015fleme kalitesiyle profesyonel \u00fcretim hatt\u0131n\u0131z\u0131n vazge\u00e7ilmez bir par\u00e7as\u0131 olmaya adayd\u0131r.<\/p>","protected":false},"featured_media":14865,"comment_status":"open","ping_status":"closed","template":"","meta":[],"product_brand":[166],"product_cat":[178,180],"product_tag":[],"class_list":{"0":"post-11313","1":"product","2":"type-product","3":"status-publish","4":"has-post-thumbnail","6":"product_brand-accuway","7":"product_cat-cnc-makineleri","8":"product_cat-cnc-torna","9":"pa_is-mili-devri-rpm-68","10":"pa_isleme-ekseni-2-eksen","11":"pa_isleme-turu-yatay","12":"pa_kontrol-unitesi-fanuc","13":"pa_makine-turu-cnc-yatay-torna","14":"pa_otomasyon-destegi-var","15":"pa_sogutma-tipi-su","16":"pa_tabla-olcusu-mm-505x318","17":"pa_takim-degistirici-linear","18":"pa_uretim-mensei-tayvan","20":"first","21":"instock","22":"shipping-taxable","23":"product-type-simple"},"ct_brands":[{"id":166,"name":"ACCUWAY","slug":"accuway"}],"_links":{"self":[{"href":"https:\/\/yuntes.com.tr\/ar\/wp-json\/wp\/v2\/product\/11313","targetHints":{"allow":["GET"]}}],"collection":[{"href":"https:\/\/yuntes.com.tr\/ar\/wp-json\/wp\/v2\/product"}],"about":[{"href":"https:\/\/yuntes.com.tr\/ar\/wp-json\/wp\/v2\/types\/product"}],"replies":[{"embeddable":true,"href":"https:\/\/yuntes.com.tr\/ar\/wp-json\/wp\/v2\/comments?post=11313"}],"version-history":[{"count":1,"href":"https:\/\/yuntes.com.tr\/ar\/wp-json\/wp\/v2\/product\/11313\/revisions"}],"predecessor-version":[{"id":32194,"href":"https:\/\/yuntes.com.tr\/ar\/wp-json\/wp\/v2\/product\/11313\/revisions\/32194"}],"wp:featuredmedia":[{"embeddable":true,"href":"https:\/\/yuntes.com.tr\/ar\/wp-json\/wp\/v2\/media\/14865"}],"wp:attachment":[{"href":"https:\/\/yuntes.com.tr\/ar\/wp-json\/wp\/v2\/media?parent=11313"}],"wp:term":[{"taxonomy":"product_brand","embeddable":true,"href":"https:\/\/yuntes.com.tr\/ar\/wp-json\/wp\/v2\/product_brand?post=11313"},{"taxonomy":"product_cat","embeddable":true,"href":"https:\/\/yuntes.com.tr\/ar\/wp-json\/wp\/v2\/product_cat?post=11313"},{"taxonomy":"product_tag","embeddable":true,"href":"https:\/\/yuntes.com.tr\/ar\/wp-json\/wp\/v2\/product_tag?post=11313"}],"curies":[{"name":"wp","href":"https:\/\/api.w.org\/{rel}","templated":true}]}}