{"id":10704,"date":"2025-08-05T09:07:54","date_gmt":"2025-08-05T09:07:54","guid":{"rendered":"https:\/\/yun.defnemedia.com\/?page_id=10704"},"modified":"2025-09-28T14:13:21","modified_gmt":"2025-09-28T11:13:21","slug":"marka-rehberi","status":"publish","type":"page","link":"https:\/\/yuntes.com.tr\/ar\/marka-rehberi\/","title":{"rendered":"\u062f\u0644\u064a\u0644 \u0627\u0644\u0639\u0644\u0627\u0645\u0629 \u0627\u0644\u062a\u062c\u0627\u0631\u064a\u0629"},"content":{"rendered":"<div data-elementor-type=\"wp-page\" data-elementor-id=\"10704\" class=\"elementor elementor-10704\" data-elementor-post-type=\"page\">\n\t\t\t\t<div class=\"elementor-element elementor-element-c85af93 e-flex e-con-boxed e-con e-child\" data-id=\"c85af93\" data-element_type=\"container\" data-settings=\"{&quot;background_background&quot;:&quot;classic&quot;}\">\n\t\t\t\t\t<div class=\"e-con-inner\">\n\t\t<div class=\"elementor-element elementor-element-8f3948b e-con-full e-flex e-con e-child\" data-id=\"8f3948b\" data-element_type=\"container\">\n\t\t\t\t<div class=\"elementor-element elementor-element-c0197a7 elementor-widget elementor-widget-heading\" data-id=\"c0197a7\" data-element_type=\"widget\" data-widget_type=\"heading.default\">\n\t\t\t\t\t<h2 class=\"elementor-heading-title elementor-size-default\">\u062f\u0644\u064a\u0644 \u0627\u0644\u0639\u0644\u0627\u0645\u0629 \u0627\u0644\u062a\u062c\u0627\u0631\u064a\u0629<\/h2><style id=\"core-c0197a7-core-block-supports-inline-css\"><\/style>\t\t\t\t<\/div>\n\t\t\t\t<\/div>\n\t\t\t\t\t<\/div>\n\t\t\t\t<\/div>\n\t\t<div class=\"elementor-element elementor-element-7ecb084 e-flex e-con-boxed e-con e-parent\" data-id=\"7ecb084\" data-element_type=\"container\">\n\t\t\t\t\t<div class=\"e-con-inner\">\n\t\t\t\t<div class=\"elementor-element elementor-element-4bffa18 elementor-widget elementor-widget-heading\" data-id=\"4bffa18\" data-element_type=\"widget\" data-widget_type=\"heading.default\">\n\t\t\t\t\t<h2 class=\"elementor-heading-title elementor-size-default\">\u0644\u0644\u062d\u0635\u0648\u0644 \u0639\u0644\u0649 \u0645\u0639\u0644\u0648\u0645\u0627\u062a \u0645\u0641\u0635\u0651\u0644\u0629 \u062d\u0648\u0644 \u0634\u0639\u0627\u0631\u0627\u062a YUNTES \u0648\u0623\u0644\u0648\u0627\u0646\u0647\u0627 \u0648\u062e\u0637\u0648\u0637\u0647\u0627 \u0648\u062c\u0645\u064a\u0639 \u0627\u0644\u0645\u0648\u0627\u062f \u0627\u0644\u0623\u062e\u0631\u0649\u060c \u064a\u064f\u0631\u062c\u0649 \u0627\u0644\u0627\u0637\u0651\u0644\u0627\u0639 \u0639\u0644\u0649 \u062f\u0644\u064a\u0644 \u0627\u0644\u0639\u0644\u0627\u0645\u0629 \u0627\u0644\u062a\u062c\u0627\u0631\u064a\u0629 \u0627\u0644\u062e\u0627\u0635 \u0628\u0646\u0627.<\/h2><style id=\"core-4bffa18-core-block-supports-inline-css\"><\/style>\t\t\t\t<\/div>\n\t\t\t\t\t<\/div>\n\t\t\t\t<\/div>\n\t\t<div class=\"elementor-element elementor-element-a2eb6f7 e-flex e-con-boxed e-con e-parent\" data-id=\"a2eb6f7\" data-element_type=\"container\">\n\t\t\t\t\t<div class=\"e-con-inner\">\n\t\t\t\t<div class=\"elementor-element elementor-element-3345327 elementor-widget elementor-widget-text-editor\" data-id=\"3345327\" data-element_type=\"widget\" data-widget_type=\"text-editor.default\">\n\t\t\t\t\t\t\t\t\t\u0627\u0644\u0634\u0639\u0627\u0631\u0627\u062a\t\t\t\t<style id=\"core-3345327-core-block-supports-inline-css\"><\/style>\t\t\t\t<\/div>\n\t\t\t\t<div class=\"elementor-element elementor-element-3ab1bd5 elementor-widget__width-initial elementor-widget elementor-widget-heading\" data-id=\"3ab1bd5\" data-element_type=\"widget\" data-widget_type=\"heading.default\">\n\t\t\t\t\t<h2 class=\"elementor-heading-title elementor-size-default\">\u062a\u0645 \u062a\u0632\u0648\u064a\u062f \u0645\u0644\u0641\u0627\u062a \u0648\u0633\u0627\u0626\u0637 \u0627\u0644\u0634\u0639\u0627\u0631 \u0623\u062f\u0646\u0627\u0647. \u064a\u0645\u0643\u0646\u0643 \u062a\u0646\u0632\u064a\u0644 \u0627\u0644\u0646\u0645\u0627\u0630\u062c \u0645\u0646 \u062e\u0644\u0627\u0644 \u0627\u0644\u0646\u0642\u0631 \u0639\u0644\u0649 \u0627\u0644\u0632\u0631 \u0623\u062f\u0646\u0627\u0647.<\/h2><style id=\"core-3ab1bd5-core-block-supports-inline-css\"><\/style>\t\t\t\t<\/div>\n\t\t\t\t\t<\/div>\n\t\t\t\t<\/div>\n\t\t<div class=\"elementor-element elementor-element-7edfc9c e-flex e-con-boxed e-con e-parent\" data-id=\"7edfc9c\" data-element_type=\"container\">\n\t\t\t\t\t<div class=\"e-con-inner\">\n\t\t<div class=\"elementor-element elementor-element-63aeb78 e-con-full e-flex e-con e-child\" data-id=\"63aeb78\" data-element_type=\"container\">\n\t\t<div class=\"elementor-element elementor-element-d5593e1 e-con-full e-flex e-con e-child\" data-id=\"d5593e1\" data-element_type=\"container\" data-settings=\"{&quot;background_background&quot;:&quot;classic&quot;}\">\n\t\t\t\t<div class=\"elementor-element elementor-element-54c5d82 elementor-widget__width-initial elementor-widget elementor-widget-image\" data-id=\"54c5d82\" data-element_type=\"widget\" data-widget_type=\"image.default\">\n\t\t\t\t\t\t\t\t\t\t\t\t\t\t\t<img decoding=\"async\" width=\"143\" height=\"35\" src=\"https:\/\/yuntes.com.tr\/wp-content\/uploads\/yuntes-siyah-kirmizi-logo.svg\" class=\"attachment-full size-full wp-image-12471\" alt=\"\" \/>\t\t\t\t\t\t\t\t\t\t\t<style id=\"core-54c5d82-core-block-supports-inline-css\"><\/style>\t\t\t\t<\/div>\n\t\t\t\t<\/div>\n\t\t<div class=\"elementor-element elementor-element-85e03de e-con-full e-flex e-con e-child\" data-id=\"85e03de\" data-element_type=\"container\" data-settings=\"{&quot;background_background&quot;:&quot;classic&quot;}\">\n\t\t\t\t<div class=\"elementor-element elementor-element-21e9791 elementor-widget__width-initial elementor-widget elementor-widget-image\" data-id=\"21e9791\" data-element_type=\"widget\" data-widget_type=\"image.default\">\n\t\t\t\t\t\t\t\t\t\t\t\t\t\t\t<img decoding=\"async\" width=\"143\" height=\"35\" src=\"https:\/\/yuntes.com.tr\/wp-content\/uploads\/yuntes-beyaz-kirmizi-logo.svg\" class=\"attachment-full size-full wp-image-12468\" alt=\"\" \/>\t\t\t\t\t\t\t\t\t\t\t<style id=\"core-21e9791-core-block-supports-inline-css\"><\/style>\t\t\t\t<\/div>\n\t\t\t\t<\/div>\n\t\t<div class=\"elementor-element elementor-element-9f3478f e-con-full e-flex e-con e-child\" data-id=\"9f3478f\" data-element_type=\"container\" data-settings=\"{&quot;background_background&quot;:&quot;classic&quot;}\">\n\t\t\t\t<div class=\"elementor-element elementor-element-9922e98 elementor-widget__width-initial elementor-widget elementor-widget-image\" data-id=\"9922e98\" data-element_type=\"widget\" data-widget_type=\"image.default\">\n\t\t\t\t\t\t\t\t\t\t\t\t\t\t\t<img decoding=\"async\" width=\"143\" height=\"35\" src=\"https:\/\/yuntes.com.tr\/wp-content\/uploads\/yuntes-beyaz-logo.svg\" class=\"attachment-full size-full wp-image-80\" alt=\"\" \/>\t\t\t\t\t\t\t\t\t\t\t<style id=\"core-9922e98-core-block-supports-inline-css\"><\/style>\t\t\t\t<\/div>\n\t\t\t\t<\/div>\n\t\t\t\t<\/div>\n\t\t<div class=\"elementor-element elementor-element-dc43d56 e-flex e-con-boxed e-con e-child\" data-id=\"dc43d56\" data-element_type=\"container\">\n\t\t\t\t\t<div class=\"e-con-inner\">\n\t\t<div class=\"elementor-element elementor-element-93fa368 e-con-full e-flex e-con e-child\" data-id=\"93fa368\" data-element_type=\"container\" data-settings=\"{&quot;background_background&quot;:&quot;classic&quot;}\">\n\t\t\t\t<div class=\"elementor-element elementor-element-80a6434 elementor-widget__width-initial elementor-widget-tablet__width-initial elementor-widget-mobile__width-initial elementor-widget elementor-widget-image\" data-id=\"80a6434\" data-element_type=\"widget\" data-widget_type=\"image.default\">\n\t\t\t\t\t\t\t\t\t\t\t\t\t\t\t<img loading=\"lazy\" decoding=\"async\" width=\"512\" height=\"512\" src=\"https:\/\/yuntes.com.tr\/wp-content\/uploads\/yuntesicon-white.png\" class=\"attachment-full size-full wp-image-17081\" alt=\"\" srcset=\"https:\/\/yuntes.com.tr\/wp-content\/uploads\/yuntesicon-white.png 512w, https:\/\/yuntes.com.tr\/wp-content\/uploads\/yuntesicon-white-300x300.png 300w, https:\/\/yuntes.com.tr\/wp-content\/uploads\/yuntesicon-white-500x500.png 500w, https:\/\/yuntes.com.tr\/wp-content\/uploads\/yuntesicon-white-100x100.png 100w\" sizes=\"(max-width: 512px) 100vw, 512px\" \/>\t\t\t\t\t\t\t\t\t\t\t<style id=\"core-80a6434-core-block-supports-inline-css\"><\/style>\t\t\t\t<\/div>\n\t\t\t\t<\/div>\n\t\t<div class=\"elementor-element elementor-element-44c03ab e-con-full e-flex e-con e-child\" data-id=\"44c03ab\" data-element_type=\"container\" data-settings=\"{&quot;background_background&quot;:&quot;classic&quot;}\">\n\t\t\t\t<div class=\"elementor-element elementor-element-c285303 elementor-widget__width-initial elementor-widget elementor-widget-image\" data-id=\"c285303\" data-element_type=\"widget\" data-widget_type=\"image.default\">\n\t\t\t\t\t\t\t\t\t\t\t\t\t\t\t<img loading=\"lazy\" decoding=\"async\" width=\"512\" height=\"512\" src=\"https:\/\/yuntes.com.tr\/wp-content\/uploads\/Yuntes-Icon.png\" class=\"attachment-full size-full wp-image-14582\" alt=\"\" srcset=\"https:\/\/yuntes.com.tr\/wp-content\/uploads\/Yuntes-Icon.png 512w, https:\/\/yuntes.com.tr\/wp-content\/uploads\/Yuntes-Icon-300x300.png 300w, https:\/\/yuntes.com.tr\/wp-content\/uploads\/Yuntes-Icon-500x500.png 500w, https:\/\/yuntes.com.tr\/wp-content\/uploads\/Yuntes-Icon-100x100.png 100w\" sizes=\"(max-width: 512px) 100vw, 512px\" \/>\t\t\t\t\t\t\t\t\t\t\t<style id=\"core-c285303-core-block-supports-inline-css\"><\/style>\t\t\t\t<\/div>\n\t\t\t\t<\/div>\n\t\t\t\t\t<\/div>\n\t\t\t\t<\/div>\n\t\t\t\t\t<\/div>\n\t\t\t\t<\/div>\n\t\t<div class=\"elementor-element elementor-element-decfdfb e-flex e-con-boxed e-con e-parent\" data-id=\"decfdfb\" data-element_type=\"container\">\n\t\t\t\t\t<div class=\"e-con-inner\">\n\t\t\t\t<div class=\"elementor-element elementor-element-e43b5af elementor-align-center elementor-widget elementor-widget-button\" data-id=\"e43b5af\" data-element_type=\"widget\" data-widget_type=\"button.default\">\n\t\t\t\t\t\t\t\t\t\t<a class=\"elementor-button elementor-button-link elementor-size-sm\" href=\"https:\/\/yuntes.com.tr\/wp-content\/uploads\/Yuntes-Logo-Icon.zip\">\n\t\t\t\t\t\t<span class=\"elementor-button-content-wrapper\">\n\t\t\t\t\t\t<span class=\"elementor-button-icon\">\n\t\t\t\t<svg aria-hidden=\"true\" class=\"e-font-icon-svg e-fas-download\" viewbox=\"0 0 512 512\" xmlns=\"http:\/\/www.w3.org\/2000\/svg\"><path d=\"M216 0h80c13.3 0 24 10.7 24 24v168h87.7c17.8 0 26.7 21.5 14.1 34.1L269.7 378.3c-7.5 7.5-19.8 7.5-27.3 0L90.1 226.1c-12.6-12.6-3.7-34.1 14.1-34.1H192V24c0-13.3 10.7-24 24-24zm296 376v112c0 13.3-10.7 24-24 24H24c-13.3 0-24-10.7-24-24V376c0-13.3 10.7-24 24-24h146.7l49 49c20.1 20.1 52.5 20.1 72.6 0l49-49H488c13.3 0 24 10.7 24 24zm-124 88c0-11-9-20-20-20s-20 9-20 20 9 20 20 20 20-9 20-20zm64 0c0-11-9-20-20-20s-20 9-20 20 9 20 20 20 20-9 20-20z\"><\/path><\/svg>\t\t\t<\/span>\n\t\t\t\t\t\t\t\t\t<span class=\"elementor-button-text\"> \u062a\u0646\u0632\u064a\u0644 \u062c\u0645\u064a\u0639 \u0627\u0644\u0634\u0639\u0627\u0631\u0627\u062a<\/span>\n\t\t\t\t\t<\/span>\n\t\t\t\t\t<\/a>\n\t\t\t\t<style id=\"core-e43b5af-core-block-supports-inline-css\"><\/style>\t\t\t\t<\/div>\n\t\t<div class=\"elementor-element elementor-element-4e678a7 e-con-full e-flex e-con e-child\" data-id=\"4e678a7\" data-element_type=\"container\">\n\t\t\t\t<div class=\"elementor-element elementor-element-9fd34b7 elementor-widget elementor-widget-spacer\" data-id=\"9fd34b7\" data-element_type=\"widget\" data-widget_type=\"spacer.default\">\n\t\t\t\t\t\t\t<div class=\"elementor-spacer\">\n\t\t\t<div class=\"elementor-spacer-inner\"><\/div>\n\t\t<\/div>\n\t\t<style id=\"core-9fd34b7-core-block-supports-inline-css\"><\/style>\t\t\t\t<\/div>\n\t\t\t\t<\/div>\n\t\t\t\t\t<\/div>\n\t\t\t\t<\/div>\n\t\t<div class=\"elementor-element elementor-element-03ee3ff e-flex e-con-boxed e-con e-parent\" data-id=\"03ee3ff\" data-element_type=\"container\">\n\t\t\t\t\t<div class=\"e-con-inner\">\n\t\t\t\t<div class=\"elementor-element elementor-element-2408799 elementor-widget elementor-widget-text-editor\" data-id=\"2408799\" data-element_type=\"widget\" data-widget_type=\"text-editor.default\">\n\t\t\t\t\t\t\t\t\t\u0644\u0648\u062d\u0629 \u0627\u0644\u0623\u0644\u0648\u0627\u0646\t\t\t\t<style id=\"core-2408799-core-block-supports-inline-css\"><\/style>\t\t\t\t<\/div>\n\t\t\t\t<div class=\"elementor-element elementor-element-40db42c elementor-widget elementor-widget-heading\" data-id=\"40db42c\" data-element_type=\"widget\" data-widget_type=\"heading.default\">\n\t\t\t\t\t<h2 class=\"elementor-heading-title elementor-size-default\">\u0623\u0644\u0648\u0627\u0646 \u0627\u0644\u0639\u0644\u0627\u0645\u0629 \u0627\u0644\u062a\u062c\u0627\u0631\u064a\u0629 \u0627\u0644\u0645\u0624\u0633\u0633\u064a\u0629 \u0645\u0628\u064a\u0651\u0646\u0629 \u0623\u062f\u0646\u0627\u0647.<\/h2><style id=\"core-40db42c-core-block-supports-inline-css\"><\/style>\t\t\t\t<\/div>\n\t\t<div class=\"elementor-element elementor-element-4f666d5 e-con-full e-flex e-con e-child\" data-id=\"4f666d5\" data-element_type=\"container\">\n\t\t<div class=\"elementor-element elementor-element-65f9c00 e-con-full e-flex e-con e-child\" data-id=\"65f9c00\" data-element_type=\"container\" data-settings=\"{&quot;background_background&quot;:&quot;classic&quot;}\">\n\t\t\t\t<div class=\"elementor-element elementor-element-62341f9 elementor-widget elementor-widget-heading\" data-id=\"62341f9\" data-element_type=\"widget\" data-widget_type=\"heading.default\">\n\t\t\t\t\t<h2 class=\"elementor-heading-title elementor-size-default\">#e20613\n(\u0627\u0644\u0644\u0651\u064e\u0648\u0652\u0646 \u0627\u0644\u0623\u0633\u0627\u0633\u064a)<\/h2><style id=\"core-62341f9-core-block-supports-inline-css\"><\/style>\t\t\t\t<\/div>\n\t\t\t\t<\/div>\n\t\t<div class=\"elementor-element elementor-element-921adf0 e-con-full e-flex e-con e-child\" data-id=\"921adf0\" data-element_type=\"container\" data-settings=\"{&quot;background_background&quot;:&quot;classic&quot;}\">\n\t\t\t\t<div class=\"elementor-element elementor-element-a9a81fe elementor-widget elementor-widget-heading\" data-id=\"a9a81fe\" data-element_type=\"widget\" data-widget_type=\"heading.default\">\n\t\t\t\t\t<h2 class=\"elementor-heading-title elementor-size-default\">#1d1d1b\n(\u0627\u0644\u0644\u0651\u064e\u0648\u0652\u0646 \u0627\u0644\u062b\u0627\u0646\u0648\u064a)<\/h2><style id=\"core-a9a81fe-core-block-supports-inline-css\"><\/style>\t\t\t\t<\/div>\n\t\t\t\t<\/div>\n\t\t<div class=\"elementor-element elementor-element-6c22411 e-con-full e-flex e-con e-child\" data-id=\"6c22411\" data-element_type=\"container\" data-settings=\"{&quot;background_background&quot;:&quot;classic&quot;}\">\n\t\t\t\t<div class=\"elementor-element elementor-element-b4646fc elementor-widget elementor-widget-heading\" data-id=\"b4646fc\" data-element_type=\"widget\" data-widget_type=\"heading.default\">\n\t\t\t\t\t<h2 class=\"elementor-heading-title elementor-size-default\">#ffffff\n(\u0627\u0644\u0644\u0651\u064e\u0648\u0652\u0646 \u0627\u0644\u062b\u0627\u0644\u062b\u064a)<\/h2><style id=\"core-b4646fc-core-block-supports-inline-css\"><\/style>\t\t\t\t<\/div>\n\t\t\t\t<\/div>\n\t\t\t\t<\/div>\n\t\t<div class=\"elementor-element elementor-element-f06bcfd e-con-full e-flex e-con e-child\" data-id=\"f06bcfd\" data-element_type=\"container\">\n\t\t\t\t<div class=\"elementor-element elementor-element-c4c59f5 elementor-widget elementor-widget-spacer\" data-id=\"c4c59f5\" data-element_type=\"widget\" data-widget_type=\"spacer.default\">\n\t\t\t\t\t\t\t<div class=\"elementor-spacer\">\n\t\t\t<div class=\"elementor-spacer-inner\"><\/div>\n\t\t<\/div>\n\t\t<style id=\"core-c4c59f5-core-block-supports-inline-css\"><\/style>\t\t\t\t<\/div>\n\t\t\t\t<\/div>\n\t\t\t\t\t<\/div>\n\t\t\t\t<\/div>\n\t\t<div class=\"elementor-element elementor-element-811fe04 e-flex e-con-boxed e-con e-parent\" data-id=\"811fe04\" data-element_type=\"container\">\n\t\t\t\t\t<div class=\"e-con-inner\">\n\t\t\t\t<div class=\"elementor-element elementor-element-88d869b elementor-widget elementor-widget-text-editor\" data-id=\"88d869b\" data-element_type=\"widget\" data-widget_type=\"text-editor.default\">\n\t\t\t\t\t\t\t\t\t\u0623\u0646\u0645\u0627\u0637 \u0627\u0644\u062e\u0637\u0648\u0637\t\t\t\t<style id=\"core-88d869b-core-block-supports-inline-css\"><\/style>\t\t\t\t<\/div>\n\t\t\t\t<div class=\"elementor-element elementor-element-68a052c elementor-widget elementor-widget-heading\" data-id=\"68a052c\" data-element_type=\"widget\" data-widget_type=\"heading.default\">\n\t\t\t\t\t<h2 class=\"elementor-heading-title elementor-size-default\">\u0623\u0646\u0645\u0627\u0637 \u0627\u0644\u062e\u0637\u0648\u0637 \u0627\u0644\u0645\u0633\u062a\u062e\u062f\u0645\u0629 \u0641\u064a \u0627\u0644\u0639\u0646\u0627\u0648\u064a\u0646 \u0648\u0627\u0644\u0634\u0639\u0627\u0631\u0627\u062a \u0648\u062c\u0645\u064a\u0639 \u0627\u0644\u0646\u0635\u0648\u0635 \u0627\u0644\u0623\u062e\u0631\u0649<\/h2><style id=\"core-68a052c-core-block-supports-inline-css\"><\/style>\t\t\t\t<\/div>\n\t\t<div class=\"elementor-element elementor-element-64a5980 e-con-full e-flex e-con e-child\" data-id=\"64a5980\" data-element_type=\"container\">\n\t\t<div class=\"elementor-element elementor-element-3dd22c8 e-con-full e-flex e-con e-child\" data-id=\"3dd22c8\" data-element_type=\"container\">\n\t\t\t\t<div class=\"elementor-element elementor-element-19ae2fd elementor-widget elementor-widget-heading\" data-id=\"19ae2fd\" data-element_type=\"widget\" data-widget_type=\"heading.default\">\n\t\t\t\t\t<h2 class=\"elementor-heading-title elementor-size-default\">\u0639\u0627\u0626\u0644\u0629 \u0627\u0644\u062e\u0637\u0648\u0637<\/h2><style id=\"core-19ae2fd-core-block-supports-inline-css\"><\/style>\t\t\t\t<\/div>\n\t\t\t\t<div class=\"elementor-element elementor-element-77238c5 elementor-widget elementor-widget-heading\" data-id=\"77238c5\" data-element_type=\"widget\" data-widget_type=\"heading.default\">\n\t\t\t\t\t<h2 class=\"elementor-heading-title elementor-size-default\">Space Grotesk\n<\/h2><style id=\"core-77238c5-core-block-supports-inline-css\"><\/style>\t\t\t\t<\/div>\n\t\t\t\t<div class=\"elementor-element elementor-element-5651f4c elementor-widget elementor-widget-heading\" data-id=\"5651f4c\" data-element_type=\"widget\" data-widget_type=\"heading.default\">\n\t\t\t\t\t<h2 class=\"elementor-heading-title elementor-size-default\">\u0645\u062a\u0648\u0641\u0631 \u0641\u064a \u0645\u0643\u062a\u0628\u0629 \u062e\u0637\u0648\u0637 Google.<\/h2><style id=\"core-5651f4c-core-block-supports-inline-css\"><\/style>\t\t\t\t<\/div>\n\t\t\t\t<\/div>\n\t\t<div class=\"elementor-element elementor-element-79c28ca e-con-full e-flex e-con e-child\" data-id=\"79c28ca\" data-element_type=\"container\">\n\t\t\t\t<div class=\"elementor-element elementor-element-5c64130 elementor-widget elementor-widget-heading\" data-id=\"5c64130\" data-element_type=\"widget\" data-widget_type=\"heading.default\">\n\t\t\t\t\t<h2 class=\"elementor-heading-title elementor-size-default\">\u0627\u0644\u0623\u062d\u0631\u0641<\/h2><style id=\"core-5c64130-core-block-supports-inline-css\"><\/style>\t\t\t\t<\/div>\n\t\t\t\t<div class=\"elementor-element elementor-element-304f74e elementor-widget elementor-widget-heading\" data-id=\"304f74e\" data-element_type=\"widget\" data-widget_type=\"heading.default\">\n\t\t\t\t\t<h2 class=\"elementor-heading-title elementor-size-default\">ABC\u010c\u0106D\u0110EFGHIJKLMNOPQRS\u0160TUVWXYZ\u017dabc\u010d\u0107d\u0111efghijklmnopqrs\u0161tuvwxyz\u017e1234567890\u2018?\u2019\u201c!\u201d(%)[#]{@}\/&amp;\\\u00ae\u00a9$\u20ac\u00a3\u00a5\u00a2:;,.*<\/h2><style id=\"core-304f74e-core-block-supports-inline-css\"><\/style>\t\t\t\t<\/div>\n\t\t\t\t<\/div>\n\t\t\t\t<\/div>\n\t\t\t\t\t<\/div>\n\t\t\t\t<\/div>\n\t\t<div class=\"elementor-element elementor-element-6379b50 e-flex e-con-boxed e-con e-parent\" data-id=\"6379b50\" data-element_type=\"container\">\n\t\t\t\t\t<div class=\"e-con-inner\">\n\t\t\t\t<div class=\"elementor-element elementor-element-b726a8f elementor-align-center elementor-widget elementor-widget-button\" data-id=\"b726a8f\" data-element_type=\"widget\" data-widget_type=\"button.default\">\n\t\t\t\t\t\t\t\t\t\t<a class=\"elementor-button elementor-button-link elementor-size-sm\" href=\"https:\/\/yuntes.com.tr\/wp-content\/uploads\/Space_Grotesk.zip\">\n\t\t\t\t\t\t<span class=\"elementor-button-content-wrapper\">\n\t\t\t\t\t\t<span class=\"elementor-button-icon\">\n\t\t\t\t<svg aria-hidden=\"true\" class=\"e-font-icon-svg e-fas-download\" viewbox=\"0 0 512 512\" xmlns=\"http:\/\/www.w3.org\/2000\/svg\"><path d=\"M216 0h80c13.3 0 24 10.7 24 24v168h87.7c17.8 0 26.7 21.5 14.1 34.1L269.7 378.3c-7.5 7.5-19.8 7.5-27.3 0L90.1 226.1c-12.6-12.6-3.7-34.1 14.1-34.1H192V24c0-13.3 10.7-24 24-24zm296 376v112c0 13.3-10.7 24-24 24H24c-13.3 0-24-10.7-24-24V376c0-13.3 10.7-24 24-24h146.7l49 49c20.1 20.1 52.5 20.1 72.6 0l49-49H488c13.3 0 24 10.7 24 24zm-124 88c0-11-9-20-20-20s-20 9-20 20 9 20 20 20 20-9 20-20zm64 0c0-11-9-20-20-20s-20 9-20 20 9 20 20 20 20-9 20-20z\"><\/path><\/svg>\t\t\t<\/span>\n\t\t\t\t\t\t\t\t\t<span class=\"elementor-button-text\"> \u062a\u0646\u0632\u064a\u0644 \u0627\u0644\u062e\u0637\u0648\u0637<\/span>\n\t\t\t\t\t<\/span>\n\t\t\t\t\t<\/a>\n\t\t\t\t<style id=\"core-b726a8f-core-block-supports-inline-css\"><\/style>\t\t\t\t<\/div>\n\t\t\t\t\t<\/div>\n\t\t\t\t<\/div>\n\t\t\t\t<\/div>","protected":false},"excerpt":{"rendered":"<p>YUNTES ile ilgili logolar, renkler, yaz\u0131 stilleri ve di\u011fer t\u00fcm materyaller hakk\u0131nda detayl\u0131 bilgi i\u00e7in marka klavuzumuzu inceleyin. Logolar Logo medyalar\u0131 a\u015fa\u011f\u0131da verilmi\u015ftir. A\u015fa\u011f\u0131daki butona t\u0131klarak \u00f6rnekleri indirebilirsiniz. T\u00fcm Logolar\u0131 \u0130ndir Renk Paleti Marka kurumsal renkleri a\u015fa\u011f\u0131da verilmi\u015ftir. #e20613 (Birincil Renk) #1d1d1b (\u0130kincil Renk) #ffffff (\u00dc\u00e7\u00fcnc\u00fcl Renk) Yaz\u0131 Tipleri Ba\u015fl\u0131klar, sloganlar ve di\u011fer t\u00fcm metinlerde [&hellip;]<\/p>","protected":false},"author":1,"featured_media":0,"parent":0,"menu_order":0,"comment_status":"closed","ping_status":"closed","template":"","meta":{"footnotes":""},"class_list":["post-10704","page","type-page","status-publish","hentry"],"blocksy_meta":[],"_links":{"self":[{"href":"https:\/\/yuntes.com.tr\/ar\/wp-json\/wp\/v2\/pages\/10704","targetHints":{"allow":["GET"]}}],"collection":[{"href":"https:\/\/yuntes.com.tr\/ar\/wp-json\/wp\/v2\/pages"}],"about":[{"href":"https:\/\/yuntes.com.tr\/ar\/wp-json\/wp\/v2\/types\/page"}],"author":[{"embeddable":true,"href":"https:\/\/yuntes.com.tr\/ar\/wp-json\/wp\/v2\/users\/1"}],"replies":[{"embeddable":true,"href":"https:\/\/yuntes.com.tr\/ar\/wp-json\/wp\/v2\/comments?post=10704"}],"version-history":[{"count":36,"href":"https:\/\/yuntes.com.tr\/ar\/wp-json\/wp\/v2\/pages\/10704\/revisions"}],"predecessor-version":[{"id":17194,"href":"https:\/\/yuntes.com.tr\/ar\/wp-json\/wp\/v2\/pages\/10704\/revisions\/17194"}],"wp:attachment":[{"href":"https:\/\/yuntes.com.tr\/ar\/wp-json\/wp\/v2\/media?parent=10704"}],"curies":[{"name":"wp","href":"https:\/\/api.w.org\/{rel}","templated":true}]}}