{"id":10635,"date":"2025-08-05T09:05:51","date_gmt":"2025-08-05T09:05:51","guid":{"rendered":"https:\/\/yun.defnemedia.com\/?page_id=10635"},"modified":"2025-08-31T21:35:29","modified_gmt":"2025-08-31T18:35:29","slug":"rakamlarla-yuntes","status":"publish","type":"page","link":"https:\/\/yuntes.com.tr\/ar\/rakamlarla-yuntes\/","title":{"rendered":"\u0633\u064a\u0627\u0633\u062a\u0646\u0627 \u0644\u0644\u062c\u0648\u062f\u0629"},"content":{"rendered":"<div data-elementor-type=\"wp-page\" data-elementor-id=\"10635\" class=\"elementor elementor-10635\" data-elementor-post-type=\"page\">\n\t\t\t\t<div class=\"elementor-element elementor-element-4551322 e-flex e-con-boxed e-con e-child\" data-id=\"4551322\" data-element_type=\"container\" data-settings=\"{&quot;background_background&quot;:&quot;classic&quot;}\">\n\t\t\t\t\t<div class=\"e-con-inner\">\n\t\t<div class=\"elementor-element elementor-element-73a378a e-con-full e-flex e-con e-child\" data-id=\"73a378a\" data-element_type=\"container\">\n\t\t\t\t<div class=\"elementor-element elementor-element-67d645b elementor-widget elementor-widget-heading\" data-id=\"67d645b\" data-element_type=\"widget\" data-widget_type=\"heading.default\">\n\t\t\t\t\t<h2 class=\"elementor-heading-title elementor-size-default\">\u0633\u064a\u0627\u0633\u062a\u0646\u0627 \u0644\u0644\u062c\u0648\u062f\u0629<\/h2><style id=\"core-67d645b-core-block-supports-inline-css\"><\/style>\t\t\t\t<\/div>\n\t\t\t\t<\/div>\n\t\t\t\t\t<\/div>\n\t\t\t\t<\/div>\n\t\t<div class=\"elementor-element elementor-element-7e61058 e-flex e-con-boxed e-con e-parent\" data-id=\"7e61058\" data-element_type=\"container\" data-settings=\"{&quot;background_background&quot;:&quot;classic&quot;}\">\n\t\t\t\t\t<div class=\"e-con-inner\">\n\t\t<div class=\"elementor-element elementor-element-ee8e607 e-con-full e-flex e-con e-child\" data-id=\"ee8e607\" data-element_type=\"container\">\n\t\t<div class=\"elementor-element elementor-element-ea7ef4f e-con-full e-flex e-con e-child\" data-id=\"ea7ef4f\" data-element_type=\"container\">\n\t\t<div class=\"elementor-element elementor-element-1494da2 e-con-full e-flex e-con e-child\" data-id=\"1494da2\" data-element_type=\"container\">\n\t\t\t\t<div class=\"elementor-element elementor-element-19d4471 elementor-widget elementor-widget-counter\" data-id=\"19d4471\" data-element_type=\"widget\" data-widget_type=\"counter.default\">\n\t\t\t\t\t\t\t<div class=\"elementor-counter\">\n\t\t\t<div class=\"elementor-counter-title\">Nokta<\/div>\t\t\t<div class=\"elementor-counter-number-wrapper\">\n\t\t\t\t<span class=\"elementor-counter-number-prefix\"><\/span>\n\t\t\t\t<span class=\"elementor-counter-number\" data-duration=\"2000\" data-to-value=\"6\" data-from-value=\"0\" data-delimiter=\",\">0<\/span>\n\t\t\t\t<span class=\"elementor-counter-number-suffix\"><\/span>\n\t\t\t<\/div>\n\t\t<\/div>\n\t\t<style id=\"core-19d4471-core-block-supports-inline-css\"><\/style>\t\t\t\t<\/div>\n\t\t\t\t<\/div>\n\t\t<div class=\"elementor-element elementor-element-bc9a749 e-con-full e-flex e-con e-child\" data-id=\"bc9a749\" data-element_type=\"container\">\n\t\t\t\t<div class=\"elementor-element elementor-element-6584218 elementor-widget elementor-widget-counter\" data-id=\"6584218\" data-element_type=\"widget\" data-widget_type=\"counter.default\">\n\t\t\t\t\t\t\t<div class=\"elementor-counter\">\n\t\t\t<div class=\"elementor-counter-title\">MEMNUN\u0130YET<\/div>\t\t\t<div class=\"elementor-counter-number-wrapper\">\n\t\t\t\t<span class=\"elementor-counter-number-prefix\">%<\/span>\n\t\t\t\t<span class=\"elementor-counter-number\" data-duration=\"2000\" data-to-value=\"97\" data-from-value=\"0\" data-delimiter=\",\">0<\/span>\n\t\t\t\t<span class=\"elementor-counter-number-suffix\">+<\/span>\n\t\t\t<\/div>\n\t\t<\/div>\n\t\t<style id=\"core-6584218-core-block-supports-inline-css\"><\/style>\t\t\t\t<\/div>\n\t\t\t\t<\/div>\n\t\t\t\t<\/div>\n\t\t<div class=\"elementor-element elementor-element-55ccfd4 e-con-full e-flex e-con e-child\" data-id=\"55ccfd4\" data-element_type=\"container\">\n\t\t<div class=\"elementor-element elementor-element-1857640 e-con-full e-flex e-con e-child\" data-id=\"1857640\" data-element_type=\"container\">\n\t\t\t\t<div class=\"elementor-element elementor-element-0d33f46 elementor-widget elementor-widget-counter\" data-id=\"0d33f46\" data-element_type=\"widget\" data-widget_type=\"counter.default\">\n\t\t\t\t\t\t\t<div class=\"elementor-counter\">\n\t\t\t<div class=\"elementor-counter-title\">Global Marka<\/div>\t\t\t<div class=\"elementor-counter-number-wrapper\">\n\t\t\t\t<span class=\"elementor-counter-number-prefix\"><\/span>\n\t\t\t\t<span class=\"elementor-counter-number\" data-duration=\"2000\" data-to-value=\"10\" data-from-value=\"0\">0<\/span>\n\t\t\t\t<span class=\"elementor-counter-number-suffix\">+<\/span>\n\t\t\t<\/div>\n\t\t<\/div>\n\t\t<style id=\"core-0d33f46-core-block-supports-inline-css\"><\/style>\t\t\t\t<\/div>\n\t\t\t\t<\/div>\n\t\t<div class=\"elementor-element elementor-element-2c3e895 e-con-full e-flex e-con e-child\" data-id=\"2c3e895\" data-element_type=\"container\">\n\t\t\t\t<div class=\"elementor-element elementor-element-c236ad9 elementor-widget elementor-widget-counter\" data-id=\"c236ad9\" data-element_type=\"widget\" data-widget_type=\"counter.default\">\n\t\t\t\t\t\t\t<div class=\"elementor-counter\">\n\t\t\t<div class=\"elementor-counter-title\">Ortalama<\/div>\t\t\t<div class=\"elementor-counter-number-wrapper\">\n\t\t\t\t<span class=\"elementor-counter-number-prefix\"><\/span>\n\t\t\t\t<span class=\"elementor-counter-number\" data-duration=\"2000\" data-to-value=\"48\" data-from-value=\"0\" data-delimiter=\",\">0<\/span>\n\t\t\t\t<span class=\"elementor-counter-number-suffix\"> SAAT<\/span>\n\t\t\t<\/div>\n\t\t<\/div>\n\t\t<style id=\"core-c236ad9-core-block-supports-inline-css\"><\/style>\t\t\t\t<\/div>\n\t\t\t\t<\/div>\n\t\t\t\t<\/div>\n\t\t<div class=\"elementor-element elementor-element-52c959f e-con-full e-flex e-con e-child\" data-id=\"52c959f\" data-element_type=\"container\">\n\t\t<div class=\"elementor-element elementor-element-b08ffcc e-con-full e-flex e-con e-child\" data-id=\"b08ffcc\" data-element_type=\"container\">\n\t\t\t\t<div class=\"elementor-element elementor-element-7935cca elementor-widget elementor-widget-counter\" data-id=\"7935cca\" data-element_type=\"widget\" data-widget_type=\"counter.default\">\n\t\t\t\t\t\t\t<div class=\"elementor-counter\">\n\t\t\t<div class=\"elementor-counter-title\">Proje Teslim Oran\u0131<\/div>\t\t\t<div class=\"elementor-counter-number-wrapper\">\n\t\t\t\t<span class=\"elementor-counter-number-prefix\">%<\/span>\n\t\t\t\t<span class=\"elementor-counter-number\" data-duration=\"2000\" data-to-value=\"99\" data-from-value=\"0\" data-delimiter=\",\">0<\/span>\n\t\t\t\t<span class=\"elementor-counter-number-suffix\"><\/span>\n\t\t\t<\/div>\n\t\t<\/div>\n\t\t<style id=\"core-7935cca-core-block-supports-inline-css\"><\/style>\t\t\t\t<\/div>\n\t\t\t\t<\/div>\n\t\t<div class=\"elementor-element elementor-element-7bafcea e-con-full e-flex e-con e-child\" data-id=\"7bafcea\" data-element_type=\"container\">\n\t\t\t\t<div class=\"elementor-element elementor-element-82dc4ea elementor-widget elementor-widget-counter\" data-id=\"82dc4ea\" data-element_type=\"widget\" data-widget_type=\"counter.default\">\n\t\t\t\t\t\t\t<div class=\"elementor-counter\">\n\t\t\t<div class=\"elementor-counter-title\">\u00dclkeye Sevkiyat<\/div>\t\t\t<div class=\"elementor-counter-number-wrapper\">\n\t\t\t\t<span class=\"elementor-counter-number-prefix\"><\/span>\n\t\t\t\t<span class=\"elementor-counter-number\" data-duration=\"2000\" data-to-value=\"12\" data-from-value=\"0\" data-delimiter=\",\">0<\/span>\n\t\t\t\t<span class=\"elementor-counter-number-suffix\">+<\/span>\n\t\t\t<\/div>\n\t\t<\/div>\n\t\t<style id=\"core-82dc4ea-core-block-supports-inline-css\"><\/style>\t\t\t\t<\/div>\n\t\t\t\t<\/div>\n\t\t\t\t<\/div>\n\t\t<div class=\"elementor-element elementor-element-9abd462 e-con-full e-flex e-con e-child\" data-id=\"9abd462\" data-element_type=\"container\">\n\t\t<div class=\"elementor-element elementor-element-4dd97f6 e-con-full e-flex e-con e-child\" data-id=\"4dd97f6\" data-element_type=\"container\">\n\t\t\t\t<div class=\"elementor-element elementor-element-358f8dc elementor-widget elementor-widget-counter\" data-id=\"358f8dc\" data-element_type=\"widget\" data-widget_type=\"counter.default\">\n\t\t\t\t\t\t\t<div class=\"elementor-counter\">\n\t\t\t<div class=\"elementor-counter-title\">\u00dcr\u00fcn<\/div>\t\t\t<div class=\"elementor-counter-number-wrapper\">\n\t\t\t\t<span class=\"elementor-counter-number-prefix\"><\/span>\n\t\t\t\t<span class=\"elementor-counter-number\" data-duration=\"2000\" data-to-value=\"1200\" data-from-value=\"0\" data-delimiter=\",\">0<\/span>\n\t\t\t\t<span class=\"elementor-counter-number-suffix\">+<\/span>\n\t\t\t<\/div>\n\t\t<\/div>\n\t\t<style id=\"core-358f8dc-core-block-supports-inline-css\"><\/style>\t\t\t\t<\/div>\n\t\t\t\t<\/div>\n\t\t<div class=\"elementor-element elementor-element-a0bc1f9 e-con-full e-flex e-con e-child\" data-id=\"a0bc1f9\" data-element_type=\"container\">\n\t\t\t\t<div class=\"elementor-element elementor-element-012c83f elementor-widget elementor-widget-counter\" data-id=\"012c83f\" data-element_type=\"widget\" data-widget_type=\"counter.default\">\n\t\t\t\t\t\t\t<div class=\"elementor-counter\">\n\t\t\t\t\t\t<div class=\"elementor-counter-number-wrapper\">\n\t\t\t\t<span class=\"elementor-counter-number-prefix\"><\/span>\n\t\t\t\t<span class=\"elementor-counter-number\" data-duration=\"2000\" data-to-value=\"7\" data-from-value=\"0\" data-delimiter=\",\">0<\/span>\n\t\t\t\t<span class=\"elementor-counter-number-suffix\"> G\u00dcN<\/span>\n\t\t\t<\/div>\n\t\t<\/div>\n\t\t<style id=\"core-012c83f-core-block-supports-inline-css\"><\/style>\t\t\t\t<\/div>\n\t\t\t\t<div class=\"elementor-element elementor-element-778ba77 elementor-widget elementor-widget-counter\" data-id=\"778ba77\" data-element_type=\"widget\" data-widget_type=\"counter.default\">\n\t\t\t\t\t\t\t<div class=\"elementor-counter\">\n\t\t\t\t\t\t<div class=\"elementor-counter-number-wrapper\">\n\t\t\t\t<span class=\"elementor-counter-number-prefix\"><\/span>\n\t\t\t\t<span class=\"elementor-counter-number\" data-duration=\"2000\" data-to-value=\"24\" data-from-value=\"10\" data-delimiter=\",\">10<\/span>\n\t\t\t\t<span class=\"elementor-counter-number-suffix\"> SAAT<\/span>\n\t\t\t<\/div>\n\t\t<\/div>\n\t\t<style id=\"core-778ba77-core-block-supports-inline-css\"><\/style>\t\t\t\t<\/div>\n\t\t\t\t<\/div>\n\t\t\t\t<\/div>\n\t\t\t\t<\/div>\n\t\t\t\t\t<\/div>\n\t\t\t\t<\/div>\n\t\t\t\t<\/div>","protected":false},"excerpt":{"rendered":"<p>Nokta 0 MEMNUN\u0130YET % 0 + Global Marka 0 + Ortalama 0 SAAT Proje Teslim Oran\u0131 % 0 \u00dclkeye Sevkiyat 0 + \u00dcr\u00fcn 0 + 0 G\u00dcN 10 SAAT<\/p>","protected":false},"author":1,"featured_media":0,"parent":0,"menu_order":0,"comment_status":"closed","ping_status":"closed","template":"","meta":{"footnotes":""},"class_list":["post-10635","page","type-page","status-publish","hentry"],"blocksy_meta":[],"_links":{"self":[{"href":"https:\/\/yuntes.com.tr\/ar\/wp-json\/wp\/v2\/pages\/10635","targetHints":{"allow":["GET"]}}],"collection":[{"href":"https:\/\/yuntes.com.tr\/ar\/wp-json\/wp\/v2\/pages"}],"about":[{"href":"https:\/\/yuntes.com.tr\/ar\/wp-json\/wp\/v2\/types\/page"}],"author":[{"embeddable":true,"href":"https:\/\/yuntes.com.tr\/ar\/wp-json\/wp\/v2\/users\/1"}],"replies":[{"embeddable":true,"href":"https:\/\/yuntes.com.tr\/ar\/wp-json\/wp\/v2\/comments?post=10635"}],"version-history":[{"count":6,"href":"https:\/\/yuntes.com.tr\/ar\/wp-json\/wp\/v2\/pages\/10635\/revisions"}],"predecessor-version":[{"id":16305,"href":"https:\/\/yuntes.com.tr\/ar\/wp-json\/wp\/v2\/pages\/10635\/revisions\/16305"}],"wp:attachment":[{"href":"https:\/\/yuntes.com.tr\/ar\/wp-json\/wp\/v2\/media?parent=10635"}],"curies":[{"name":"wp","href":"https:\/\/api.w.org\/{rel}","templated":true}]}}